{"id":370,"date":"2022-03-30T11:56:05","date_gmt":"2022-03-30T07:26:05","guid":{"rendered":"http:\/\/www.varzab.ir\/?page_id=370"},"modified":"2022-04-12T08:48:30","modified_gmt":"2022-04-12T04:18:30","slug":"bendrip-damlama-bandi","status":"publish","type":"page","link":"https:\/\/www.varzab.ir\/?page_id=370&lang=tr","title":{"rendered":"Bendrip Damlama Band\u0131"},"content":{"rendered":"<p><a href=\"http:\/\/varzab.ir\/bendrip\" target=\"_blank\" rel=\"noreferrer noopener\"><strong>Bendrip Damlama Band\u0131<\/strong><\/a> , su bas\u0131nc\u0131n\u0131 art\u0131rd\u0131\u011f\u0131n\u0131zda geni\u015fleyen geni\u015fleyen bir ak\u0131\u015f yoluna sahiptir.<\/p><p class=\"has-text-align-left\"><strong>T\u0131kanma korumas\u0131 i\u00e7in benzersiz geni\u015fleyen girdap labirenti ile<\/strong><\/p><p><strong>Bendrip , t\u00fcm tek ve \u00e7ok sezonlu mahsulleriniz i\u00e7in g\u00fcvenilir, uygun maliyetli bir damlama band\u0131 \u00e7\u00f6z\u00fcm\u00fc sunar. Hassas kal\u0131planm\u0131\u015f bir kanal ile tasarlanan Bendrip, do\u011fal t\u00fcrb\u00fclans yaratan ve s\u00fcrekli ve d\u00fczg\u00fcn bir ak\u0131\u015f h\u0131z\u0131 \u00fcreten b\u00fcy\u00fck bir kesit labirentine sahiptir.<\/strong><\/p><p>Bendrip iki t\u0131kanma \u00f6nleyici mekanizmaya sahiptir: bir girdap ak\u0131\u015f yolu ve su bas\u0131nc\u0131 artt\u0131\u011f\u0131nda geni\u015fleyen geni\u015fleyen bir ak\u0131\u015f kanal\u0131. Bu benzersiz geni\u015fleyen ak\u0131\u015f kanal\u0131, di\u011fer damlama bantlar\u0131n\u0131 kal\u0131c\u0131 olarak engelleyebilecek yabanc\u0131 par\u00e7ac\u0131klar\u0131 d\u0131\u015far\u0131 atar.<\/p><div class=\"wp-block-image\"><figure class=\"aligncenter size-large\"><img loading=\"lazy\" decoding=\"async\" width=\"486\" height=\"1024\" src=\"http:\/\/www.varzab.ir\/wp-content\/uploads\/2022\/03\/baner-bendrip-486x1024.jpg\" alt=\"\" class=\"wp-image-313\" srcset=\"https:\/\/www.varzab.ir\/wp-content\/uploads\/2022\/03\/baner-bendrip-486x1024.jpg 486w, https:\/\/www.varzab.ir\/wp-content\/uploads\/2022\/03\/baner-bendrip-142x300.jpg 142w, https:\/\/www.varzab.ir\/wp-content\/uploads\/2022\/03\/baner-bendrip-768x1617.jpg 768w, https:\/\/www.varzab.ir\/wp-content\/uploads\/2022\/03\/baner-bendrip-730x1536.jpg 730w, https:\/\/www.varzab.ir\/wp-content\/uploads\/2022\/03\/baner-bendrip-973x2048.jpg 973w, https:\/\/www.varzab.ir\/wp-content\/uploads\/2022\/03\/baner-bendrip-scaled.jpg 1216w\" sizes=\"auto, (max-width: 486px) 100vw, 486px\" \/><\/figure><\/div><p>benzersiz \u00e7\u0131k\u0131\u015f yar\u0131\u011f\u0131, zorlu ko\u015fullarda bile s\u00fcrekli, kesintisiz \u00e7al\u0131\u015fma i\u00e7in k\u00f6k giri\u015fini \u00f6nleyerek y\u00fcksek performans ve dayan\u0131kl\u0131l\u0131k sa\u011flar.<\/p><h2 class=\"has-text-align-center wp-block-heading\">Bendrip S\u0131radan Bir Damlama Band\u0131 De\u011fildir<\/h2><figure class=\"wp-block-embed is-type-video is-provider-youtube wp-block-embed-youtube wp-embed-aspect-16-9 wp-has-aspect-ratio\"><div class=\"wp-block-embed__wrapper\">\n<iframe loading=\"lazy\" title=\"Bendrip Sulama Damlama Band\u0131 | Drip Irrigation tape\" width=\"700\" height=\"394\" src=\"https:\/\/www.youtube.com\/embed\/ptKBRyu2mUw?feature=oembed\" frameborder=\"0\" allow=\"accelerometer; autoplay; clipboard-write; encrypted-media; gyroscope; picture-in-picture\" allowfullscreen><\/iframe>\n<\/div><\/figure>","protected":false},"excerpt":{"rendered":"<p>Bendrip Damlama Band\u0131 , su bas\u0131nc\u0131n\u0131 art\u0131rd\u0131\u011f\u0131n\u0131zda geni\u015fleyen geni\u015fleyen bir ak\u0131\u015f yoluna sahiptir. T\u0131kanma korumas\u0131 i\u00e7in benzersiz geni\u015fleyen girdap labirenti ile Bendrip , t\u00fcm tek ve \u00e7ok sezonlu mahsulleriniz i\u00e7in&hellip; <\/p>\n","protected":false},"author":1,"featured_media":0,"parent":0,"menu_order":0,"comment_status":"closed","ping_status":"closed","template":"","meta":{"ngg_post_thumbnail":0,"footnotes":""},"class_list":["post-370","page","type-page","status-publish","hentry"],"yoast_head":"<!-- This site is optimized with the Yoast SEO plugin v25.1 - https:\/\/yoast.com\/wordpress\/plugins\/seo\/ -->\n<title>Bendrip Damlama Band\u0131 - Bendrip<\/title>\n<meta name=\"description\" content=\"Bendrip Damlama Band\u0131, t\u00fcm tek ve \u00e7ok sezonlu mahsulleriniz i\u00e7in g\u00fcvenilir, uygun maliyetli bir damlama band\u0131 \u00e7\u00f6z\u00fcm\u00fc sunar. Hassas kal\u0131planm\u0131\u015f bir kanal ile tasarlanan\" \/>\n<meta name=\"robots\" content=\"index, follow, max-snippet:-1, max-image-preview:large, max-video-preview:-1\" \/>\n<link rel=\"canonical\" href=\"https:\/\/www.varzab.ir\/?page_id=370&lang=tr\" \/>\n<meta property=\"og:locale\" content=\"fa_IR\" \/>\n<meta property=\"og:type\" content=\"article\" \/>\n<meta property=\"og:title\" content=\"Bendrip Damlama Band\u0131 - Bendrip\" \/>\n<meta property=\"og:description\" content=\"Bendrip Damlama Band\u0131, t\u00fcm tek ve \u00e7ok sezonlu mahsulleriniz i\u00e7in g\u00fcvenilir, uygun maliyetli bir damlama band\u0131 \u00e7\u00f6z\u00fcm\u00fc sunar. Hassas kal\u0131planm\u0131\u015f bir kanal ile tasarlanan\" \/>\n<meta property=\"og:url\" content=\"https:\/\/www.varzab.ir\/?page_id=370&amp;lang=tr\" \/>\n<meta property=\"og:site_name\" content=\"Bendrip\" \/>\n<meta property=\"article:modified_time\" content=\"2022-04-12T04:18:30+00:00\" \/>\n<meta property=\"og:image\" content=\"http:\/\/www.varzab.ir\/wp-content\/uploads\/2022\/03\/baner-bendrip-486x1024.jpg\" \/>\n<meta name=\"twitter:card\" content=\"summary_large_image\" \/>\n<meta name=\"twitter:label1\" content=\"\u0632\u0645\u0627\u0646 \u062a\u0642\u0631\u06cc\u0628\u06cc \u0628\u0631\u0627\u06cc \u062e\u0648\u0627\u0646\u062f\u0646\" \/>\n\t<meta name=\"twitter:data1\" content=\"1 \u062f\u0642\u06cc\u0642\u0647\" \/>\n<script type=\"application\/ld+json\" class=\"yoast-schema-graph\">{\"@context\":\"https:\/\/schema.org\",\"@graph\":[{\"@type\":\"WebPage\",\"@id\":\"https:\/\/www.varzab.ir\/?page_id=370&lang=tr\",\"url\":\"https:\/\/www.varzab.ir\/?page_id=370&lang=tr\",\"name\":\"Bendrip Damlama Band\u0131 - Bendrip\",\"isPartOf\":{\"@id\":\"https:\/\/www.varzab.ir\/#website\"},\"primaryImageOfPage\":{\"@id\":\"https:\/\/www.varzab.ir\/?page_id=370&lang=tr#primaryimage\"},\"image\":{\"@id\":\"https:\/\/www.varzab.ir\/?page_id=370&lang=tr#primaryimage\"},\"thumbnailUrl\":\"http:\/\/www.varzab.ir\/wp-content\/uploads\/2022\/03\/baner-bendrip-486x1024.jpg\",\"datePublished\":\"2022-03-30T07:26:05+00:00\",\"dateModified\":\"2022-04-12T04:18:30+00:00\",\"description\":\"Bendrip Damlama Band\u0131, t\u00fcm tek ve \u00e7ok sezonlu mahsulleriniz i\u00e7in g\u00fcvenilir, uygun maliyetli bir damlama band\u0131 \u00e7\u00f6z\u00fcm\u00fc sunar. Hassas kal\u0131planm\u0131\u015f bir kanal ile tasarlanan\",\"breadcrumb\":{\"@id\":\"https:\/\/www.varzab.ir\/?page_id=370&lang=tr#breadcrumb\"},\"inLanguage\":\"fa-IR\",\"potentialAction\":[{\"@type\":\"ReadAction\",\"target\":[\"https:\/\/www.varzab.ir\/?page_id=370&lang=tr\"]}]},{\"@type\":\"ImageObject\",\"inLanguage\":\"fa-IR\",\"@id\":\"https:\/\/www.varzab.ir\/?page_id=370&lang=tr#primaryimage\",\"url\":\"https:\/\/www.varzab.ir\/wp-content\/uploads\/2022\/03\/baner-bendrip-scaled.jpg\",\"contentUrl\":\"https:\/\/www.varzab.ir\/wp-content\/uploads\/2022\/03\/baner-bendrip-scaled.jpg\",\"width\":1216,\"height\":2560},{\"@type\":\"BreadcrumbList\",\"@id\":\"https:\/\/www.varzab.ir\/?page_id=370&lang=tr#breadcrumb\",\"itemListElement\":[{\"@type\":\"ListItem\",\"position\":1,\"name\":\"\u062e\u0627\u0646\u0647\",\"item\":\"https:\/\/www.varzab.ir\/?page_id=111&lang=en\"},{\"@type\":\"ListItem\",\"position\":2,\"name\":\"Bendrip Damlama Band\u0131\"}]},{\"@type\":\"WebSite\",\"@id\":\"https:\/\/www.varzab.ir\/#website\",\"url\":\"https:\/\/www.varzab.ir\/\",\"name\":\"Bendrip\",\"description\":\"Drip Irrigation Tape manufacture\",\"publisher\":{\"@id\":\"https:\/\/www.varzab.ir\/#organization\"},\"potentialAction\":[{\"@type\":\"SearchAction\",\"target\":{\"@type\":\"EntryPoint\",\"urlTemplate\":\"https:\/\/www.varzab.ir\/?s={search_term_string}\"},\"query-input\":{\"@type\":\"PropertyValueSpecification\",\"valueRequired\":true,\"valueName\":\"search_term_string\"}}],\"inLanguage\":\"fa-IR\"},{\"@type\":\"Organization\",\"@id\":\"https:\/\/www.varzab.ir\/#organization\",\"name\":\"\u0644\u0648\u0644\u0647 \u0648\u0631\u0632\u0627\u0628 \u0645\u06cc\u0628\u062f\",\"url\":\"https:\/\/www.varzab.ir\/\",\"logo\":{\"@type\":\"ImageObject\",\"inLanguage\":\"fa-IR\",\"@id\":\"https:\/\/www.varzab.ir\/#\/schema\/logo\/image\/\",\"url\":\"http:\/\/www.varzab.ir\/wp-content\/uploads\/2022\/03\/aas-1.png\",\"contentUrl\":\"http:\/\/www.varzab.ir\/wp-content\/uploads\/2022\/03\/aas-1.png\",\"width\":2021,\"height\":1368,\"caption\":\"\u0644\u0648\u0644\u0647 \u0648\u0631\u0632\u0627\u0628 \u0645\u06cc\u0628\u062f\"},\"image\":{\"@id\":\"https:\/\/www.varzab.ir\/#\/schema\/logo\/image\/\"}}]}<\/script>\n<!-- \/ Yoast SEO plugin. -->","yoast_head_json":{"title":"Bendrip Damlama Band\u0131 - Bendrip","description":"Bendrip Damlama Band\u0131, t\u00fcm tek ve \u00e7ok sezonlu mahsulleriniz i\u00e7in g\u00fcvenilir, uygun maliyetli bir damlama band\u0131 \u00e7\u00f6z\u00fcm\u00fc sunar. Hassas kal\u0131planm\u0131\u015f bir kanal ile tasarlanan","robots":{"index":"index","follow":"follow","max-snippet":"max-snippet:-1","max-image-preview":"max-image-preview:large","max-video-preview":"max-video-preview:-1"},"canonical":"https:\/\/www.varzab.ir\/?page_id=370&lang=tr","og_locale":"fa_IR","og_type":"article","og_title":"Bendrip Damlama Band\u0131 - Bendrip","og_description":"Bendrip Damlama Band\u0131, t\u00fcm tek ve \u00e7ok sezonlu mahsulleriniz i\u00e7in g\u00fcvenilir, uygun maliyetli bir damlama band\u0131 \u00e7\u00f6z\u00fcm\u00fc sunar. Hassas kal\u0131planm\u0131\u015f bir kanal ile tasarlanan","og_url":"https:\/\/www.varzab.ir\/?page_id=370&lang=tr","og_site_name":"Bendrip","article_modified_time":"2022-04-12T04:18:30+00:00","og_image":[{"url":"http:\/\/www.varzab.ir\/wp-content\/uploads\/2022\/03\/baner-bendrip-486x1024.jpg","type":"","width":"","height":""}],"twitter_card":"summary_large_image","twitter_misc":{"\u0632\u0645\u0627\u0646 \u062a\u0642\u0631\u06cc\u0628\u06cc \u0628\u0631\u0627\u06cc \u062e\u0648\u0627\u0646\u062f\u0646":"1 \u062f\u0642\u06cc\u0642\u0647"},"schema":{"@context":"https:\/\/schema.org","@graph":[{"@type":"WebPage","@id":"https:\/\/www.varzab.ir\/?page_id=370&lang=tr","url":"https:\/\/www.varzab.ir\/?page_id=370&lang=tr","name":"Bendrip Damlama Band\u0131 - Bendrip","isPartOf":{"@id":"https:\/\/www.varzab.ir\/#website"},"primaryImageOfPage":{"@id":"https:\/\/www.varzab.ir\/?page_id=370&lang=tr#primaryimage"},"image":{"@id":"https:\/\/www.varzab.ir\/?page_id=370&lang=tr#primaryimage"},"thumbnailUrl":"http:\/\/www.varzab.ir\/wp-content\/uploads\/2022\/03\/baner-bendrip-486x1024.jpg","datePublished":"2022-03-30T07:26:05+00:00","dateModified":"2022-04-12T04:18:30+00:00","description":"Bendrip Damlama Band\u0131, t\u00fcm tek ve \u00e7ok sezonlu mahsulleriniz i\u00e7in g\u00fcvenilir, uygun maliyetli bir damlama band\u0131 \u00e7\u00f6z\u00fcm\u00fc sunar. Hassas kal\u0131planm\u0131\u015f bir kanal ile tasarlanan","breadcrumb":{"@id":"https:\/\/www.varzab.ir\/?page_id=370&lang=tr#breadcrumb"},"inLanguage":"fa-IR","potentialAction":[{"@type":"ReadAction","target":["https:\/\/www.varzab.ir\/?page_id=370&lang=tr"]}]},{"@type":"ImageObject","inLanguage":"fa-IR","@id":"https:\/\/www.varzab.ir\/?page_id=370&lang=tr#primaryimage","url":"https:\/\/www.varzab.ir\/wp-content\/uploads\/2022\/03\/baner-bendrip-scaled.jpg","contentUrl":"https:\/\/www.varzab.ir\/wp-content\/uploads\/2022\/03\/baner-bendrip-scaled.jpg","width":1216,"height":2560},{"@type":"BreadcrumbList","@id":"https:\/\/www.varzab.ir\/?page_id=370&lang=tr#breadcrumb","itemListElement":[{"@type":"ListItem","position":1,"name":"\u062e\u0627\u0646\u0647","item":"https:\/\/www.varzab.ir\/?page_id=111&lang=en"},{"@type":"ListItem","position":2,"name":"Bendrip Damlama Band\u0131"}]},{"@type":"WebSite","@id":"https:\/\/www.varzab.ir\/#website","url":"https:\/\/www.varzab.ir\/","name":"Bendrip","description":"Drip Irrigation Tape manufacture","publisher":{"@id":"https:\/\/www.varzab.ir\/#organization"},"potentialAction":[{"@type":"SearchAction","target":{"@type":"EntryPoint","urlTemplate":"https:\/\/www.varzab.ir\/?s={search_term_string}"},"query-input":{"@type":"PropertyValueSpecification","valueRequired":true,"valueName":"search_term_string"}}],"inLanguage":"fa-IR"},{"@type":"Organization","@id":"https:\/\/www.varzab.ir\/#organization","name":"\u0644\u0648\u0644\u0647 \u0648\u0631\u0632\u0627\u0628 \u0645\u06cc\u0628\u062f","url":"https:\/\/www.varzab.ir\/","logo":{"@type":"ImageObject","inLanguage":"fa-IR","@id":"https:\/\/www.varzab.ir\/#\/schema\/logo\/image\/","url":"http:\/\/www.varzab.ir\/wp-content\/uploads\/2022\/03\/aas-1.png","contentUrl":"http:\/\/www.varzab.ir\/wp-content\/uploads\/2022\/03\/aas-1.png","width":2021,"height":1368,"caption":"\u0644\u0648\u0644\u0647 \u0648\u0631\u0632\u0627\u0628 \u0645\u06cc\u0628\u062f"},"image":{"@id":"https:\/\/www.varzab.ir\/#\/schema\/logo\/image\/"}}]}},"_links":{"self":[{"href":"https:\/\/www.varzab.ir\/index.php?rest_route=\/wp\/v2\/pages\/370","targetHints":{"allow":["GET"]}}],"collection":[{"href":"https:\/\/www.varzab.ir\/index.php?rest_route=\/wp\/v2\/pages"}],"about":[{"href":"https:\/\/www.varzab.ir\/index.php?rest_route=\/wp\/v2\/types\/page"}],"author":[{"embeddable":true,"href":"https:\/\/www.varzab.ir\/index.php?rest_route=\/wp\/v2\/users\/1"}],"replies":[{"embeddable":true,"href":"https:\/\/www.varzab.ir\/index.php?rest_route=%2Fwp%2Fv2%2Fcomments&post=370"}],"version-history":[{"count":6,"href":"https:\/\/www.varzab.ir\/index.php?rest_route=\/wp\/v2\/pages\/370\/revisions"}],"predecessor-version":[{"id":557,"href":"https:\/\/www.varzab.ir\/index.php?rest_route=\/wp\/v2\/pages\/370\/revisions\/557"}],"wp:attachment":[{"href":"https:\/\/www.varzab.ir\/index.php?rest_route=%2Fwp%2Fv2%2Fmedia&parent=370"}],"curies":[{"name":"wp","href":"https:\/\/api.w.org\/{rel}","templated":true}]}}