{"id":565,"date":"2022-04-12T20:41:13","date_gmt":"2022-04-12T16:11:13","guid":{"rendered":"https:\/\/www.varzab.ir\/?page_id=565"},"modified":"2022-04-12T20:52:00","modified_gmt":"2022-04-12T16:22:00","slug":"bendrip-damla-suvarma-bantlari","status":"publish","type":"page","link":"https:\/\/www.varzab.ir\/?page_id=565&lang=az","title":{"rendered":"Bendrip Damla Suvarma lenti"},"content":{"rendered":"<pre id=\"tw-target-text\" class=\"wp-block-preformatted\">Bendrip damc\u0131 suvarma lenti, suyun t\u0259zyiqini art\u0131rd\u0131\u011f\u0131n\u0131z zaman geni\u015fl\u0259n\u0259n geni\u015fl\u0259n\u0259n bir ax\u0131n yoluna malikdir.\n<\/pre><p>T\u0131xanmadan qorunmaq \u00fc\u00e7\u00fcn unikal geni\u015fl\u0259n\u0259n burul\u011fan labirintin\u0259 malikdir<\/p><p><strong>Bendrip b\u00fct\u00fcn t\u0259k v\u0259 \u00e7ox m\u00f6vs\u00fcml\u00fc m\u0259hsullar\u0131n\u0131z \u00fc\u00e7\u00fcn etibarl\u0131, s\u0259rf\u0259li damc\u0131 lenti h\u0259llini t\u0259min edir.<\/strong><\/p><p><strong>D\u0259qiq q\u0259libl\u0259nmi\u015f kanal il\u0259 dizayn edilmi\u015fdir.<\/strong><\/p><p><strong>Bendrip t\u0259bii turbulentlik yaradan v\u0259 davaml\u0131 v\u0259 vahid ax\u0131n s\u00fcr\u0259ti yaradan b\u00f6y\u00fck en k\u0259siyi labirintin\u0259 malikdir.<\/strong><\/p><p>Ax\u0131n yolu lentin yuxar\u0131 hiss\u0259sind\u0259 yerl\u0259\u015f\u0259n V formal\u0131 giri\u015fl\u0259rl\u0259 ba\u015flay\u0131r. Su iki giri\u015fd\u0259n lent\u0259 birba\u015fa V. kanal\u0131na daxil olur.<\/p><p>V\u0259 oradan geni\u015f bir ke\u00e7id\u0259. B\u00f6y\u00fck en k\u0259siyi olan d\u0259qiq q\u0259libl\u0259nmi\u015f labirint kanal\u0131 davaml\u0131 v\u0259 vahid ax\u0131n\u0131 t\u0259min edir.<\/p><p class=\"has-text-align-left\">Bendrip iki t\u0131xanma \u0259leyhin\u0259 mexanizm\u0259 malikdir:<\/p><div class=\"wp-block-image\"><figure class=\"aligncenter size-large is-resized\"><img loading=\"lazy\" decoding=\"async\" src=\"http:\/\/www.varzab.ir\/wp-content\/uploads\/2022\/04\/Bendrip_vortex_action.jpg\" alt=\"\" class=\"wp-image-537\" width=\"576\" height=\"342\" srcset=\"https:\/\/www.varzab.ir\/wp-content\/uploads\/2022\/04\/Bendrip_vortex_action.jpg 467w, https:\/\/www.varzab.ir\/wp-content\/uploads\/2022\/04\/Bendrip_vortex_action-300x179.jpg 300w\" sizes=\"auto, (max-width: 576px) 100vw, 576px\" \/><figcaption>Bendrip vortex flow path<\/figcaption><\/figure><\/div><p><strong>bir burul\u011fan ax\u0131n\u0131 yolu v\u0259 su t\u0259zyiqi artd\u0131qda geni\u015fl\u0259n\u0259n bir ax\u0131n kanal\u0131.<\/strong><\/p>","protected":false},"excerpt":{"rendered":"<p>Bendrip damc\u0131 suvarma lenti, suyun t\u0259zyiqini art\u0131rd\u0131\u011f\u0131n\u0131z zaman geni\u015fl\u0259n\u0259n geni\u015fl\u0259n\u0259n bir ax\u0131n yoluna malikdir. T\u0131xanmadan qorunmaq \u00fc\u00e7\u00fcn unikal geni\u015fl\u0259n\u0259n burul\u011fan labirintin\u0259 malikdir Bendrip b\u00fct\u00fcn t\u0259k v\u0259 \u00e7ox m\u00f6vs\u00fcml\u00fc m\u0259hsullar\u0131n\u0131z \u00fc\u00e7\u00fcn&hellip; <\/p>\n","protected":false},"author":1,"featured_media":0,"parent":0,"menu_order":0,"comment_status":"closed","ping_status":"closed","template":"","meta":{"ngg_post_thumbnail":0,"footnotes":""},"class_list":["post-565","page","type-page","status-publish","hentry"],"yoast_head":"<!-- This site is optimized with the Yoast SEO plugin v25.1 - https:\/\/yoast.com\/wordpress\/plugins\/seo\/ -->\n<title>Bendrip Damla Suvarma lenti - Bendrip<\/title>\n<meta name=\"description\" content=\"Bendrip Damlama Band\u0131, t\u00fcm tek ve \u00e7ok sezonlu mahsulleriniz i\u00e7in g\u00fcvenilir, uygun maliyetli bir damlama band\u0131 \u00e7\u00f6z\u00fcm\u00fc sunar. Hassas kal\u0131planm\u0131\u015f bir kanal ile tasarlanan\" \/>\n<meta name=\"robots\" content=\"index, follow, max-snippet:-1, max-image-preview:large, max-video-preview:-1\" \/>\n<link rel=\"canonical\" href=\"https:\/\/www.varzab.ir\/?page_id=565&lang=az\" \/>\n<meta property=\"og:locale\" content=\"fa_IR\" \/>\n<meta property=\"og:type\" content=\"article\" \/>\n<meta property=\"og:title\" content=\"Bendrip Damla Suvarma lenti - Bendrip\" \/>\n<meta property=\"og:description\" content=\"Bendrip Damlama Band\u0131, t\u00fcm tek ve \u00e7ok sezonlu mahsulleriniz i\u00e7in g\u00fcvenilir, uygun maliyetli bir damlama band\u0131 \u00e7\u00f6z\u00fcm\u00fc sunar. Hassas kal\u0131planm\u0131\u015f bir kanal ile tasarlanan\" \/>\n<meta property=\"og:url\" content=\"https:\/\/www.varzab.ir\/?page_id=565&amp;lang=az\" \/>\n<meta property=\"og:site_name\" content=\"Bendrip\" \/>\n<meta property=\"article:modified_time\" content=\"2022-04-12T16:22:00+00:00\" \/>\n<meta property=\"og:image\" content=\"http:\/\/www.varzab.ir\/wp-content\/uploads\/2022\/04\/Bendrip_vortex_action.jpg\" \/>\n<meta name=\"twitter:card\" content=\"summary_large_image\" \/>\n<meta name=\"twitter:label1\" content=\"\u0632\u0645\u0627\u0646 \u062a\u0642\u0631\u06cc\u0628\u06cc \u0628\u0631\u0627\u06cc \u062e\u0648\u0627\u0646\u062f\u0646\" \/>\n\t<meta name=\"twitter:data1\" content=\"1 \u062f\u0642\u06cc\u0642\u0647\" \/>\n<script type=\"application\/ld+json\" class=\"yoast-schema-graph\">{\"@context\":\"https:\/\/schema.org\",\"@graph\":[{\"@type\":\"WebPage\",\"@id\":\"https:\/\/www.varzab.ir\/?page_id=565&lang=az\",\"url\":\"https:\/\/www.varzab.ir\/?page_id=565&lang=az\",\"name\":\"Bendrip Damla Suvarma lenti - Bendrip\",\"isPartOf\":{\"@id\":\"https:\/\/www.varzab.ir\/#website\"},\"primaryImageOfPage\":{\"@id\":\"https:\/\/www.varzab.ir\/?page_id=565&lang=az#primaryimage\"},\"image\":{\"@id\":\"https:\/\/www.varzab.ir\/?page_id=565&lang=az#primaryimage\"},\"thumbnailUrl\":\"http:\/\/www.varzab.ir\/wp-content\/uploads\/2022\/04\/Bendrip_vortex_action.jpg\",\"datePublished\":\"2022-04-12T16:11:13+00:00\",\"dateModified\":\"2022-04-12T16:22:00+00:00\",\"description\":\"Bendrip Damlama Band\u0131, t\u00fcm tek ve \u00e7ok sezonlu mahsulleriniz i\u00e7in g\u00fcvenilir, uygun maliyetli bir damlama band\u0131 \u00e7\u00f6z\u00fcm\u00fc sunar. Hassas kal\u0131planm\u0131\u015f bir kanal ile tasarlanan\",\"breadcrumb\":{\"@id\":\"https:\/\/www.varzab.ir\/?page_id=565&lang=az#breadcrumb\"},\"inLanguage\":\"fa-IR\",\"potentialAction\":[{\"@type\":\"ReadAction\",\"target\":[\"https:\/\/www.varzab.ir\/?page_id=565&lang=az\"]}]},{\"@type\":\"ImageObject\",\"inLanguage\":\"fa-IR\",\"@id\":\"https:\/\/www.varzab.ir\/?page_id=565&lang=az#primaryimage\",\"url\":\"https:\/\/www.varzab.ir\/wp-content\/uploads\/2022\/04\/Bendrip_vortex_action.jpg\",\"contentUrl\":\"https:\/\/www.varzab.ir\/wp-content\/uploads\/2022\/04\/Bendrip_vortex_action.jpg\",\"width\":467,\"height\":278},{\"@type\":\"BreadcrumbList\",\"@id\":\"https:\/\/www.varzab.ir\/?page_id=565&lang=az#breadcrumb\",\"itemListElement\":[{\"@type\":\"ListItem\",\"position\":1,\"name\":\"\u062e\u0627\u0646\u0647\",\"item\":\"https:\/\/www.varzab.ir\/?page_id=111&lang=en\"},{\"@type\":\"ListItem\",\"position\":2,\"name\":\"Bendrip Damla Suvarma lenti\"}]},{\"@type\":\"WebSite\",\"@id\":\"https:\/\/www.varzab.ir\/#website\",\"url\":\"https:\/\/www.varzab.ir\/\",\"name\":\"Bendrip\",\"description\":\"Drip Irrigation Tape manufacture\",\"publisher\":{\"@id\":\"https:\/\/www.varzab.ir\/#organization\"},\"potentialAction\":[{\"@type\":\"SearchAction\",\"target\":{\"@type\":\"EntryPoint\",\"urlTemplate\":\"https:\/\/www.varzab.ir\/?s={search_term_string}\"},\"query-input\":{\"@type\":\"PropertyValueSpecification\",\"valueRequired\":true,\"valueName\":\"search_term_string\"}}],\"inLanguage\":\"fa-IR\"},{\"@type\":\"Organization\",\"@id\":\"https:\/\/www.varzab.ir\/#organization\",\"name\":\"\u0644\u0648\u0644\u0647 \u0648\u0631\u0632\u0627\u0628 \u0645\u06cc\u0628\u062f\",\"url\":\"https:\/\/www.varzab.ir\/\",\"logo\":{\"@type\":\"ImageObject\",\"inLanguage\":\"fa-IR\",\"@id\":\"https:\/\/www.varzab.ir\/#\/schema\/logo\/image\/\",\"url\":\"http:\/\/www.varzab.ir\/wp-content\/uploads\/2022\/03\/aas-1.png\",\"contentUrl\":\"http:\/\/www.varzab.ir\/wp-content\/uploads\/2022\/03\/aas-1.png\",\"width\":2021,\"height\":1368,\"caption\":\"\u0644\u0648\u0644\u0647 \u0648\u0631\u0632\u0627\u0628 \u0645\u06cc\u0628\u062f\"},\"image\":{\"@id\":\"https:\/\/www.varzab.ir\/#\/schema\/logo\/image\/\"}}]}<\/script>\n<!-- \/ Yoast SEO plugin. -->","yoast_head_json":{"title":"Bendrip Damla Suvarma lenti - Bendrip","description":"Bendrip Damlama Band\u0131, t\u00fcm tek ve \u00e7ok sezonlu mahsulleriniz i\u00e7in g\u00fcvenilir, uygun maliyetli bir damlama band\u0131 \u00e7\u00f6z\u00fcm\u00fc sunar. Hassas kal\u0131planm\u0131\u015f bir kanal ile tasarlanan","robots":{"index":"index","follow":"follow","max-snippet":"max-snippet:-1","max-image-preview":"max-image-preview:large","max-video-preview":"max-video-preview:-1"},"canonical":"https:\/\/www.varzab.ir\/?page_id=565&lang=az","og_locale":"fa_IR","og_type":"article","og_title":"Bendrip Damla Suvarma lenti - Bendrip","og_description":"Bendrip Damlama Band\u0131, t\u00fcm tek ve \u00e7ok sezonlu mahsulleriniz i\u00e7in g\u00fcvenilir, uygun maliyetli bir damlama band\u0131 \u00e7\u00f6z\u00fcm\u00fc sunar. Hassas kal\u0131planm\u0131\u015f bir kanal ile tasarlanan","og_url":"https:\/\/www.varzab.ir\/?page_id=565&lang=az","og_site_name":"Bendrip","article_modified_time":"2022-04-12T16:22:00+00:00","og_image":[{"url":"http:\/\/www.varzab.ir\/wp-content\/uploads\/2022\/04\/Bendrip_vortex_action.jpg","type":"","width":"","height":""}],"twitter_card":"summary_large_image","twitter_misc":{"\u0632\u0645\u0627\u0646 \u062a\u0642\u0631\u06cc\u0628\u06cc \u0628\u0631\u0627\u06cc \u062e\u0648\u0627\u0646\u062f\u0646":"1 \u062f\u0642\u06cc\u0642\u0647"},"schema":{"@context":"https:\/\/schema.org","@graph":[{"@type":"WebPage","@id":"https:\/\/www.varzab.ir\/?page_id=565&lang=az","url":"https:\/\/www.varzab.ir\/?page_id=565&lang=az","name":"Bendrip Damla Suvarma lenti - Bendrip","isPartOf":{"@id":"https:\/\/www.varzab.ir\/#website"},"primaryImageOfPage":{"@id":"https:\/\/www.varzab.ir\/?page_id=565&lang=az#primaryimage"},"image":{"@id":"https:\/\/www.varzab.ir\/?page_id=565&lang=az#primaryimage"},"thumbnailUrl":"http:\/\/www.varzab.ir\/wp-content\/uploads\/2022\/04\/Bendrip_vortex_action.jpg","datePublished":"2022-04-12T16:11:13+00:00","dateModified":"2022-04-12T16:22:00+00:00","description":"Bendrip Damlama Band\u0131, t\u00fcm tek ve \u00e7ok sezonlu mahsulleriniz i\u00e7in g\u00fcvenilir, uygun maliyetli bir damlama band\u0131 \u00e7\u00f6z\u00fcm\u00fc sunar. Hassas kal\u0131planm\u0131\u015f bir kanal ile tasarlanan","breadcrumb":{"@id":"https:\/\/www.varzab.ir\/?page_id=565&lang=az#breadcrumb"},"inLanguage":"fa-IR","potentialAction":[{"@type":"ReadAction","target":["https:\/\/www.varzab.ir\/?page_id=565&lang=az"]}]},{"@type":"ImageObject","inLanguage":"fa-IR","@id":"https:\/\/www.varzab.ir\/?page_id=565&lang=az#primaryimage","url":"https:\/\/www.varzab.ir\/wp-content\/uploads\/2022\/04\/Bendrip_vortex_action.jpg","contentUrl":"https:\/\/www.varzab.ir\/wp-content\/uploads\/2022\/04\/Bendrip_vortex_action.jpg","width":467,"height":278},{"@type":"BreadcrumbList","@id":"https:\/\/www.varzab.ir\/?page_id=565&lang=az#breadcrumb","itemListElement":[{"@type":"ListItem","position":1,"name":"\u062e\u0627\u0646\u0647","item":"https:\/\/www.varzab.ir\/?page_id=111&lang=en"},{"@type":"ListItem","position":2,"name":"Bendrip Damla Suvarma lenti"}]},{"@type":"WebSite","@id":"https:\/\/www.varzab.ir\/#website","url":"https:\/\/www.varzab.ir\/","name":"Bendrip","description":"Drip Irrigation Tape manufacture","publisher":{"@id":"https:\/\/www.varzab.ir\/#organization"},"potentialAction":[{"@type":"SearchAction","target":{"@type":"EntryPoint","urlTemplate":"https:\/\/www.varzab.ir\/?s={search_term_string}"},"query-input":{"@type":"PropertyValueSpecification","valueRequired":true,"valueName":"search_term_string"}}],"inLanguage":"fa-IR"},{"@type":"Organization","@id":"https:\/\/www.varzab.ir\/#organization","name":"\u0644\u0648\u0644\u0647 \u0648\u0631\u0632\u0627\u0628 \u0645\u06cc\u0628\u062f","url":"https:\/\/www.varzab.ir\/","logo":{"@type":"ImageObject","inLanguage":"fa-IR","@id":"https:\/\/www.varzab.ir\/#\/schema\/logo\/image\/","url":"http:\/\/www.varzab.ir\/wp-content\/uploads\/2022\/03\/aas-1.png","contentUrl":"http:\/\/www.varzab.ir\/wp-content\/uploads\/2022\/03\/aas-1.png","width":2021,"height":1368,"caption":"\u0644\u0648\u0644\u0647 \u0648\u0631\u0632\u0627\u0628 \u0645\u06cc\u0628\u062f"},"image":{"@id":"https:\/\/www.varzab.ir\/#\/schema\/logo\/image\/"}}]}},"_links":{"self":[{"href":"https:\/\/www.varzab.ir\/index.php?rest_route=\/wp\/v2\/pages\/565","targetHints":{"allow":["GET"]}}],"collection":[{"href":"https:\/\/www.varzab.ir\/index.php?rest_route=\/wp\/v2\/pages"}],"about":[{"href":"https:\/\/www.varzab.ir\/index.php?rest_route=\/wp\/v2\/types\/page"}],"author":[{"embeddable":true,"href":"https:\/\/www.varzab.ir\/index.php?rest_route=\/wp\/v2\/users\/1"}],"replies":[{"embeddable":true,"href":"https:\/\/www.varzab.ir\/index.php?rest_route=%2Fwp%2Fv2%2Fcomments&post=565"}],"version-history":[{"count":9,"href":"https:\/\/www.varzab.ir\/index.php?rest_route=\/wp\/v2\/pages\/565\/revisions"}],"predecessor-version":[{"id":577,"href":"https:\/\/www.varzab.ir\/index.php?rest_route=\/wp\/v2\/pages\/565\/revisions\/577"}],"wp:attachment":[{"href":"https:\/\/www.varzab.ir\/index.php?rest_route=%2Fwp%2Fv2%2Fmedia&parent=565"}],"curies":[{"name":"wp","href":"https:\/\/api.w.org\/{rel}","templated":true}]}}